{"id":74,"date":"2023-10-19T06:53:07","date_gmt":"2023-10-19T09:53:07","guid":{"rendered":"https:\/\/emiliotakamori.com.br\/?page_id=74"},"modified":"2023-10-24T17:19:44","modified_gmt":"2023-10-24T20:19:44","slug":"o-hotel-emilio-takamori","status":"publish","type":"page","link":"https:\/\/emiliotakamori.com.br\/ja\/o-hotel-emilio-takamori\/","title":{"rendered":"\u30a8\u30df\u30ea\u30aa\u9ad8\u68ee\u30db\u30c6\u30eb"},"content":{"rendered":"<div data-elementor-type=\"wp-page\" data-elementor-id=\"74\" class=\"elementor elementor-74\" data-elementor-post-type=\"page\">\n\t\t\t\t\t\t<section class=\"elementor-section elementor-top-section elementor-element elementor-element-a49d84b elementor-section-content-middle elementor-section-boxed elementor-section-height-default elementor-section-height-default\" data-id=\"a49d84b\" data-element_type=\"section\">\n\t\t\t\t\t\t<div class=\"elementor-container elementor-column-gap-wider\">\n\t\t\t\t\t<div class=\"elementor-column elementor-col-50 elementor-top-column elementor-element elementor-element-7b39784\" data-id=\"7b39784\" data-element_type=\"column\">\n\t\t\t<div class=\"elementor-widget-wrap elementor-element-populated\">\n\t\t\t\t\t\t<div class=\"elementor-element elementor-element-a23450d elementor-widget elementor-widget-heading\" data-id=\"a23450d\" data-element_type=\"widget\" data-widget_type=\"heading.default\">\n\t\t\t\t<div class=\"elementor-widget-container\">\n\t\t\t\t\t<h2 class=\"elementor-heading-title elementor-size-default\">\u79c1\u305f\u3061\u306e\u5929\u8077\u306f\u30b1\u30a2\u3059\u308b\u3053\u3068\u3060\u3002<\/h2>\t\t\t\t<\/div>\n\t\t\t\t<\/div>\n\t\t\t\t<div class=\"elementor-element elementor-element-f5842f6 elementor-widget elementor-widget-text-editor\" data-id=\"f5842f6\" data-element_type=\"widget\" data-widget_type=\"text-editor.default\">\n\t\t\t\t<div class=\"elementor-widget-container\">\n\t\t\t\t\t\t\t\t\t<p>\u30db\u30c6\u30eb \u30a8\u30df\u30ea\u30aa\u9ad8\u68ee\u3067\u306f\u3001\u3054\u9ad8\u9f62\u306e\u65b9\u3005\u3068\u305d\u306e\u3054\u5bb6\u65cf\u306e\u7686\u69d8\u3092\u6b53\u8fce\u3057\u3001\u5c0a\u91cd\u3057\u3001\u5927\u5207\u306b\u3057\u3066\u3044\u307e\u3059\u3002\u5f53\u30db\u30c6\u30eb\u306e\u30d8\u30eb\u30b9\u30b1\u30a2\u3068\u30db\u30b9\u30d4\u30bf\u30ea\u30c6\u30a3\u30fb\u30b5\u30fc\u30d3\u30b9\u306f\u3001\u5fc3\u306e\u5b89\u3089\u304e\u3068\u5b89\u5168\u3092\u6700\u512a\u5148\u3068\u3057\u3001\u9ad8\u9f62\u8005\u304c\u5fc5\u8981\u3068\u3059\u308b\u611b\u60c5\u3068\u4eba\u9593\u6027\u3092\u5e38\u306b\u63d0\u4f9b\u3057\u307e\u3059\u3002<\/p>\t\t\t\t\t\t\t\t<\/div>\n\t\t\t\t<\/div>\n\t\t\t\t<div class=\"elementor-element elementor-element-fb587e5 elementor-widget elementor-widget-heading\" data-id=\"fb587e5\" data-element_type=\"widget\" data-widget_type=\"heading.default\">\n\t\t\t\t<div class=\"elementor-widget-container\">\n\t\t\t\t\t<span class=\"elementor-heading-title elementor-size-default\">\u512a\u308c\u305f\u30b1\u30a2<\/span>\t\t\t\t<\/div>\n\t\t\t\t<\/div>\n\t\t\t\t\t<\/div>\n\t\t<\/div>\n\t\t\t\t<div class=\"elementor-column elementor-col-50 elementor-top-column elementor-element elementor-element-847e4e9\" data-id=\"847e4e9\" data-element_type=\"column\">\n\t\t\t<div class=\"elementor-widget-wrap elementor-element-populated\">\n\t\t\t\t\t\t<div class=\"elementor-element elementor-element-74701ea elementor-widget elementor-widget-image\" data-id=\"74701ea\" data-element_type=\"widget\" data-widget_type=\"image.default\">\n\t\t\t\t<div class=\"elementor-widget-container\">\n\t\t\t\t\t\t\t\t\t\t\t\t\t\t\t<img fetchpriority=\"high\" decoding=\"async\" width=\"1600\" height=\"1200\" src=\"https:\/\/emiliotakamori.com.br\/wp-content\/uploads\/2023\/10\/WhatsApp-Image-2023-10-24-at-13.11.20.jpeg\" class=\"attachment-full size-full wp-image-849\" alt=\"\" srcset=\"https:\/\/emiliotakamori.com.br\/wp-content\/uploads\/2023\/10\/WhatsApp-Image-2023-10-24-at-13.11.20.jpeg 1600w, https:\/\/emiliotakamori.com.br\/wp-content\/uploads\/2023\/10\/WhatsApp-Image-2023-10-24-at-13.11.20-300x225.jpeg 300w, https:\/\/emiliotakamori.com.br\/wp-content\/uploads\/2023\/10\/WhatsApp-Image-2023-10-24-at-13.11.20-1024x768.jpeg 1024w, https:\/\/emiliotakamori.com.br\/wp-content\/uploads\/2023\/10\/WhatsApp-Image-2023-10-24-at-13.11.20-150x113.jpeg 150w, https:\/\/emiliotakamori.com.br\/wp-content\/uploads\/2023\/10\/WhatsApp-Image-2023-10-24-at-13.11.20-768x576.jpeg 768w, https:\/\/emiliotakamori.com.br\/wp-content\/uploads\/2023\/10\/WhatsApp-Image-2023-10-24-at-13.11.20-1536x1152.jpeg 1536w\" sizes=\"(max-width: 1600px) 100vw, 1600px\" \/>\t\t\t\t\t\t\t\t\t\t\t\t\t\t\t<\/div>\n\t\t\t\t<\/div>\n\t\t\t\t\t<\/div>\n\t\t<\/div>\n\t\t\t\t\t<\/div>\n\t\t<\/section>\n\t\t\t\t<section class=\"elementor-section elementor-top-section elementor-element elementor-element-7d7a021 elementor-section-content-middle elementor-section-boxed elementor-section-height-default elementor-section-height-default\" data-id=\"7d7a021\" data-element_type=\"section\">\n\t\t\t\t\t\t<div class=\"elementor-container elementor-column-gap-wider\">\n\t\t\t\t\t<div class=\"elementor-column elementor-col-100 elementor-top-column elementor-element elementor-element-d54c223\" data-id=\"d54c223\" data-element_type=\"column\">\n\t\t\t<div class=\"elementor-widget-wrap elementor-element-populated\">\n\t\t\t\t\t\t<div class=\"elementor-element elementor-element-dbcdf42 elementor-widget elementor-widget-heading\" data-id=\"dbcdf42\" data-element_type=\"widget\" data-widget_type=\"heading.default\">\n\t\t\t\t<div class=\"elementor-widget-container\">\n\t\t\t\t\t<h2 class=\"elementor-heading-title elementor-size-default\">\u79c1\u305f\u3061\u306e <b>\u4fa1\u5024\u89b3<\/b><\/h2>\t\t\t\t<\/div>\n\t\t\t\t<\/div>\n\t\t\t\t<div class=\"elementor-element elementor-element-3b26888 elementor-widget elementor-widget-text-editor\" data-id=\"3b26888\" data-element_type=\"widget\" data-widget_type=\"text-editor.default\">\n\t\t\t\t<div class=\"elementor-widget-container\">\n\t\t\t\t\t\t\t\t\t<p style=\"color: #474242; font-family: 'YAFdtQJYB9w 0', _fb_, auto; --font-size: 39.6667px; --line-height: 1.2; line-height: 47px;\"><span style=\"font-weight: 600;\">\u5c0a\u656c\u3001\u611b\u3001\u5b89\u5168\u3001\u00a0<\/span><span style=\"font-weight: 600;\">\u732e\u8eab\u3001\u5feb\u9069\u3055\u3001\u54c1\u8cea\u3001\u00a0<\/span><span style=\"font-weight: 600;\">\u30e6\u30c0\u30e4\u30fb\u30ad\u30ea\u30b9\u30c8\u6559\u306e\u539f\u5247\u00a0<\/span><span style=\"font-weight: 600;\">\u305d\u3057\u3066\u9759\u5bc2<\/span><\/p>\t\t\t\t\t\t\t\t<\/div>\n\t\t\t\t<\/div>\n\t\t\t\t\t<\/div>\n\t\t<\/div>\n\t\t\t\t\t<\/div>\n\t\t<\/section>\n\t\t\t\t<section class=\"elementor-section elementor-top-section elementor-element elementor-element-b22a85d elementor-section-content-middle elementor-section-boxed elementor-section-height-default elementor-section-height-default\" data-id=\"b22a85d\" data-element_type=\"section\" data-settings=\"{&quot;background_background&quot;:&quot;classic&quot;}\">\n\t\t\t\t\t\t<div class=\"elementor-container elementor-column-gap-wider\">\n\t\t\t\t\t<div class=\"elementor-column elementor-col-100 elementor-top-column elementor-element elementor-element-6b0ee7d\" data-id=\"6b0ee7d\" data-element_type=\"column\">\n\t\t\t<div class=\"elementor-widget-wrap elementor-element-populated\">\n\t\t\t\t\t\t<section class=\"elementor-section elementor-inner-section elementor-element elementor-element-2fcf01c elementor-section-content-middle elementor-section-boxed elementor-section-height-default elementor-section-height-default\" data-id=\"2fcf01c\" data-element_type=\"section\" data-settings=\"{&quot;background_background&quot;:&quot;classic&quot;}\">\n\t\t\t\t\t\t<div class=\"elementor-container elementor-column-gap-default\">\n\t\t\t\t\t<div class=\"elementor-column elementor-col-50 elementor-inner-column elementor-element elementor-element-ac75047\" data-id=\"ac75047\" data-element_type=\"column\">\n\t\t\t<div class=\"elementor-widget-wrap elementor-element-populated\">\n\t\t\t\t\t\t<div class=\"elementor-element elementor-element-b50b333 elementor-view-default elementor-widget elementor-widget-icon\" data-id=\"b50b333\" data-element_type=\"widget\" data-widget_type=\"icon.default\">\n\t\t\t\t<div class=\"elementor-widget-container\">\n\t\t\t\t\t\t\t<div class=\"elementor-icon-wrapper\">\n\t\t\t<div class=\"elementor-icon\">\n\t\t\t<i aria-hidden=\"true\" class=\"fas fa-map-marker-alt\"><\/i>\t\t\t<\/div>\n\t\t<\/div>\n\t\t\t\t\t\t<\/div>\n\t\t\t\t<\/div>\n\t\t\t\t<div class=\"elementor-element elementor-element-8a1eec5 elementor-widget elementor-widget-heading\" data-id=\"8a1eec5\" data-element_type=\"widget\" data-widget_type=\"heading.default\">\n\t\t\t\t<div class=\"elementor-widget-container\">\n\t\t\t\t\t<h2 class=\"elementor-heading-title elementor-size-default\">\u77e5\u308b\n<br>\n<b>\u6b74\u53f2<\/b><\/h2>\t\t\t\t<\/div>\n\t\t\t\t<\/div>\n\t\t\t\t<div class=\"elementor-element elementor-element-6bed3ef elementor-widget elementor-widget-text-editor\" data-id=\"6bed3ef\" data-element_type=\"widget\" data-widget_type=\"text-editor.default\">\n\t\t\t\t<div class=\"elementor-widget-container\">\n\t\t\t\t\t\t\t\t\t<p><span class=\"OYPEnA text-decoration-none text-strikethrough-none\" style=\"color: #474242; font-weight: 600;\">\u79c1\u305f\u3061\u306f\u606f\u5b50\u3068\u7236\u89aa\u306b\u3088\u308b\u5bb6\u65cf\u7d4c\u55b6\u3067\u3059\u3002\u79c1\u306f\u30ef\u30b0\u30ca\u30fc\u9ad8\u68ee\u3068\u7533\u3057\u307e\u3059\u304c\u300160\u6b73\u3068\u3044\u3046\u975e\u5e38\u306b\u65e9\u3044\u6642\u671f\u306b\u8eab\u4f53\u4f9d\u5b58\u75c7\u306b\u306a\u3063\u305f\u7236\u306e\u4ecb\u8b77\u3092\u3059\u308b\u3053\u3068\u306b\u7a81\u7136\u6c17\u304c\u3064\u304d\u307e\u3057\u305f\u3002\u30d6\u30e9\u30b8\u30eb\u3067\u69d8\u3005\u306a\u65b9\u6cd5\u3084\u4ecb\u8b77\u65bd\u8a2d\u3092\u8a66\u3057\u305f\u5f8c\u3001\u79c1\u306f\u3059\u3079\u3066\u306e\u5bb6\u65cf\u306b\u3068\u3063\u3066\u5fc5\u8981\u6027\u304c\u9ad8\u307e\u3063\u3066\u3044\u308b\u3001\u3088\u308a\u52b9\u7387\u7684\u306a\u89e3\u6c7a\u7b56\u3092\u4f5c\u308b\u3053\u3068\u3092\u6c7a\u610f\u3057\u307e\u3057\u305f\u3002\u3053\u3046\u3057\u3066\u79c1\u306f\u3001\u9ad8\u9f62\u8005\u306e\u5e78\u798f\u306e\u305f\u3081\u306b\u89aa\u3057\u307f\u3084\u3059\u3044\u74b0\u5883\u3092\u5099\u3048\u305f\u5c45\u5fc3\u5730\u306e\u826f\u3044\u5834\u6240\u3092\u4f5c\u308b\u3068\u3044\u3046\u30a2\u30a4\u30c7\u30a2\u3092\u601d\u3044\u3064\u3044\u305f\u306e\u3067\u3059\u3002\u4eca\u65e5\u3001\u79c1\u305f\u3061\u306f\u59bb\u306e\u30d1\u30c8\u30ea\u30b7\u30a2\u3068\u3068\u3082\u306b\u3001\u732e\u8eab\u3068\u611b\u60c5\u3092\u6301\u3063\u3066\u3053\u306e\u907a\u7523\u3092\u7ba1\u7406\u3057\u3066\u3044\u307e\u3059\u3002<\/span><\/p>\t\t\t\t\t\t\t\t<\/div>\n\t\t\t\t<\/div>\n\t\t\t\t\t<\/div>\n\t\t<\/div>\n\t\t\t\t<div class=\"elementor-column elementor-col-50 elementor-inner-column elementor-element elementor-element-ae98bf2\" data-id=\"ae98bf2\" data-element_type=\"column\">\n\t\t\t<div class=\"elementor-widget-wrap elementor-element-populated\">\n\t\t\t\t\t\t<div class=\"elementor-element elementor-element-b39710a elementor-widget elementor-widget-image\" data-id=\"b39710a\" data-element_type=\"widget\" data-widget_type=\"image.default\">\n\t\t\t\t<div class=\"elementor-widget-container\">\n\t\t\t\t\t\t\t\t\t\t\t\t\t\t\t<img decoding=\"async\" width=\"597\" height=\"600\" src=\"https:\/\/emiliotakamori.com.br\/wp-content\/uploads\/2023\/10\/Design-sem-nome-40.png\" class=\"attachment-full size-full wp-image-608\" alt=\"\" srcset=\"https:\/\/emiliotakamori.com.br\/wp-content\/uploads\/2023\/10\/Design-sem-nome-40.png 597w, https:\/\/emiliotakamori.com.br\/wp-content\/uploads\/2023\/10\/Design-sem-nome-40-150x150.png 150w\" sizes=\"(max-width: 597px) 100vw, 597px\" \/>\t\t\t\t\t\t\t\t\t\t\t\t\t\t\t<\/div>\n\t\t\t\t<\/div>\n\t\t\t\t\t<\/div>\n\t\t<\/div>\n\t\t\t\t\t<\/div>\n\t\t<\/section>\n\t\t\t\t\t<\/div>\n\t\t<\/div>\n\t\t\t\t\t<\/div>\n\t\t<\/section>\n\t\t\t\t<section class=\"elementor-section elementor-top-section elementor-element elementor-element-9bee0c2 elementor-section-content-middle elementor-section-boxed elementor-section-height-default elementor-section-height-default\" data-id=\"9bee0c2\" data-element_type=\"section\" data-settings=\"{&quot;background_background&quot;:&quot;classic&quot;}\">\n\t\t\t\t\t\t\t<div class=\"elementor-background-overlay\"><\/div>\n\t\t\t\t\t\t\t<div class=\"elementor-container elementor-column-gap-wider\">\n\t\t\t\t\t<div class=\"elementor-column elementor-col-50 elementor-top-column elementor-element elementor-element-430c180 elementor-hidden-tablet elementor-hidden-mobile\" data-id=\"430c180\" data-element_type=\"column\">\n\t\t\t<div class=\"elementor-widget-wrap\">\n\t\t\t\t\t\t\t<\/div>\n\t\t<\/div>\n\t\t\t\t<div class=\"elementor-column elementor-col-50 elementor-top-column elementor-element elementor-element-0acc6da\" data-id=\"0acc6da\" data-element_type=\"column\">\n\t\t\t<div class=\"elementor-widget-wrap elementor-element-populated\">\n\t\t\t\t\t\t<div class=\"elementor-element elementor-element-dbe40d2 elementor-widget elementor-widget-heading\" data-id=\"dbe40d2\" data-element_type=\"widget\" data-widget_type=\"heading.default\">\n\t\t\t\t<div class=\"elementor-widget-container\">\n\t\t\t\t\t<h2 class=\"elementor-heading-title elementor-size-default\">\u53d7\u4fe1\u767b\u9332\n<br>\n<b>\u8a73\u7d30\u306f\u3053\u3061\u3089\u3002<\/b><\/h2>\t\t\t\t<\/div>\n\t\t\t\t<\/div>\n\t\t\t\t<div class=\"elementor-element elementor-element-8c7cc8b elementor-widget elementor-widget-text-editor\" data-id=\"8c7cc8b\" data-element_type=\"widget\" data-widget_type=\"text-editor.default\">\n\t\t\t\t<div class=\"elementor-widget-container\">\n\t\t\t\t\t\t\t\t\t<p>\u30db\u30c6\u30eb\u30fb\u30a8\u30df\u30ea\u30aa\u30fb\u30bf\u30ab\u30e2\u30ea\u306b\u95a2\u3059\u308b\u8a73\u7d30\u3084\u30cb\u30e5\u30fc\u30b9\u3001\u3054\u4e88\u7d04\u306f\u3053\u3061\u3089\u304b\u3089\u3002<\/p>\t\t\t\t\t\t\t\t<\/div>\n\t\t\t\t<\/div>\n\t\t\t\t<div class=\"elementor-element elementor-element-5ab474f elementor-button-align-end elementor-widget elementor-widget-form\" data-id=\"5ab474f\" data-element_type=\"widget\" data-settings=\"{&quot;step_next_label&quot;:&quot;Next&quot;,&quot;step_previous_label&quot;:&quot;Previous&quot;,&quot;button_width&quot;:&quot;100&quot;,&quot;step_type&quot;:&quot;number_text&quot;,&quot;step_icon_shape&quot;:&quot;circle&quot;}\" data-widget_type=\"form.default\">\n\t\t\t\t<div class=\"elementor-widget-container\">\n\t\t\t\t\t\t\t<form class=\"elementor-form\" method=\"post\" name=\"New Form\" aria-label=\"\u65b0\u3057\u3044\u30d5\u30a9\u30fc\u30e0\" action=\"\">\n\t\t\t<input type=\"hidden\" name=\"post_id\" value=\"74\"\/>\n\t\t\t<input type=\"hidden\" name=\"form_id\" value=\"5ab474f\"\/>\n\t\t\t<input type=\"hidden\" name=\"referer_title\" value=\"O Hotel Emilio Takamori\" \/>\n\n\t\t\t\t\t\t\t<input type=\"hidden\" name=\"queried_id\" value=\"74\"\/>\n\t\t\t\n\t\t\t<div class=\"elementor-form-fields-wrapper elementor-labels-\">\n\t\t\t\t\t\t\t\t<div class=\"elementor-field-type-text elementor-field-group elementor-column elementor-field-group-name elementor-col-100 elementor-field-required\">\n\t\t\t\t\t\t\t\t\t\t\t\t<label for=\"form-field-name\" class=\"elementor-field-label elementor-screen-only\">\n\t\t\t\t\t\t\t\t\u540d\u79f0\t\t\t\t\t\t\t<\/label>\n\t\t\t\t\t\t\t\t\t\t\t\t\t\t<input size=\"1\" type=\"text\" name=\"form_fields[name]\" id=\"form-field-name\" class=\"elementor-field elementor-size-md  elementor-field-textual\" placeholder=\"\u540d\u79f0\" required=\"required\">\n\t\t\t\t\t\t\t\t\t\t\t<\/div>\n\t\t\t\t\t\t\t\t<div class=\"elementor-field-type-email elementor-field-group elementor-column elementor-field-group-email elementor-col-100 elementor-field-required\">\n\t\t\t\t\t\t\t\t\t\t\t\t<label for=\"form-field-email\" class=\"elementor-field-label elementor-screen-only\">\n\t\t\t\t\t\t\t\t\u96fb\u5b50\u30e1\u30fc\u30eb\t\t\t\t\t\t\t<\/label>\n\t\t\t\t\t\t\t\t\t\t\t\t\t\t<input size=\"1\" type=\"email\" name=\"form_fields[email]\" id=\"form-field-email\" class=\"elementor-field elementor-size-md  elementor-field-textual\" placeholder=\"\u96fb\u5b50\u30e1\u30fc\u30eb\" required=\"required\">\n\t\t\t\t\t\t\t\t\t\t\t<\/div>\n\t\t\t\t\t\t\t\t<div class=\"elementor-field-type-maskphone_with_ddd elementor-field-group elementor-column elementor-field-group-field_99e9b1f elementor-col-100 elementor-field-required\">\n\t\t\t\t\t\t\t\t\t\t\t\t<label for=\"form-field-field_99e9b1f\" class=\"elementor-field-label elementor-screen-only\">\n\t\t\t\t\t\t\t\t\u96fb\u8a71\t\t\t\t\t\t\t<\/label>\n\t\t\t\t\t\t\t\t\t\t<\/div>\n\t\t\t\t\t\t\t\t<div class=\"elementor-field-type-textarea elementor-field-group elementor-column elementor-field-group-message elementor-col-100 elementor-field-required\">\n\t\t\t\t\t\t\t\t\t\t\t\t<label for=\"form-field-message\" class=\"elementor-field-label elementor-screen-only\">\n\t\t\t\t\t\t\t\t\u30e1\u30c3\u30bb\u30fc\u30b8\t\t\t\t\t\t\t<\/label>\n\t\t\t\t\t\t<textarea class=\"elementor-field-textual elementor-field  elementor-size-md\" name=\"form_fields[message]\" id=\"form-field-message\" rows=\"4\" placeholder=\"\u30e1\u30c3\u30bb\u30fc\u30b8\" required=\"required\"><\/textarea>\t\t\t\t<\/div>\n\t\t\t\t\t\t\t\t<div class=\"elementor-field-group elementor-column elementor-field-type-submit elementor-col-100 e-form__buttons\">\n\t\t\t\t\t<button class=\"elementor-button elementor-size-md\" type=\"submit\">\n\t\t\t\t\t\t<span class=\"elementor-button-content-wrapper\">\n\t\t\t\t\t\t\t\t\t\t\t\t\t\t\t<span class=\"elementor-button-icon\">\n\t\t\t\t\t\t\t\t\t<i aria-hidden=\"true\" class=\"far fa-paper-plane\"><\/i>\t\t\t\t\t\t\t\t\t\t\t\t\t\t\t\t\t<\/span>\n\t\t\t\t\t\t\t\t\t\t\t\t\t\t\t\t\t\t\t\t\t\t<span class=\"elementor-button-text\">\u30e1\u30c3\u30bb\u30fc\u30b8\u3092\u9001\u4fe1<\/span>\n\t\t\t\t\t\t\t\t\t\t\t\t\t<\/span>\n\t\t\t\t\t<\/button>\n\t\t\t\t<\/div>\n\t\t\t<\/div>\n\t\t<input type=\"hidden\" name=\"trp-form-language\" value=\"ja\"\/><\/form>\n\t\t\t\t\t\t<\/div>\n\t\t\t\t<\/div>\n\t\t\t\t\t<\/div>\n\t\t<\/div>\n\t\t\t\t\t<\/div>\n\t\t<\/section>\n\t\t\t\t<\/div>","protected":false},"excerpt":{"rendered":"<p>Nossa voca\u00e7\u00e3o \u00e9 cuidar. No Hotel Emilio Takamori, os idosos e suas fam\u00edlias se sentem acolhidos, respeitados e valorizados. Nosso atendimento em sa\u00fade e hotelaria prioriza o conforto emocional e a seguran\u00e7a, proporcionando em todos os momentos o carinho e a humaniza\u00e7\u00e3o que ambos precisam. Excel\u00eancia em cuidar bem. Nossos Valores Respeito, Amor, Seguran\u00e7a,\u00a0Dedica\u00e7\u00e3o, Conforto, Qualidade,\u00a0princ\u00edpios Judaico-Crist\u00e3o\u00a0e Tranquilidade Conhe\u00e7a nossa hist\u00f3ria Somos uma empresa familiar, criada de filho para pai. Meu nome \u00e9 Wagner Takamori e me vi de repente como cuidador do meu pai, que apresentou depend\u00eancia f\u00edsica muito cedo, aos 60 anos. Depois de tentar diversos m\u00e9todos e casas de idosos existentes no Brasil, resolvi criar uma solu\u00e7\u00e3o [&hellip;]<\/p>","protected":false},"author":1,"featured_media":859,"parent":0,"menu_order":0,"comment_status":"closed","ping_status":"closed","template":"","meta":{"footnotes":""},"class_list":["post-74","page","type-page","status-publish","has-post-thumbnail","hentry"],"_links":{"self":[{"href":"https:\/\/emiliotakamori.com.br\/ja\/wp-json\/wp\/v2\/pages\/74","targetHints":{"allow":["GET"]}}],"collection":[{"href":"https:\/\/emiliotakamori.com.br\/ja\/wp-json\/wp\/v2\/pages"}],"about":[{"href":"https:\/\/emiliotakamori.com.br\/ja\/wp-json\/wp\/v2\/types\/page"}],"author":[{"embeddable":true,"href":"https:\/\/emiliotakamori.com.br\/ja\/wp-json\/wp\/v2\/users\/1"}],"replies":[{"embeddable":true,"href":"https:\/\/emiliotakamori.com.br\/ja\/wp-json\/wp\/v2\/comments?post=74"}],"version-history":[{"count":0,"href":"https:\/\/emiliotakamori.com.br\/ja\/wp-json\/wp\/v2\/pages\/74\/revisions"}],"wp:featuredmedia":[{"embeddable":true,"href":"https:\/\/emiliotakamori.com.br\/ja\/wp-json\/wp\/v2\/media\/859"}],"wp:attachment":[{"href":"https:\/\/emiliotakamori.com.br\/ja\/wp-json\/wp\/v2\/media?parent=74"}],"curies":[{"name":"wp","href":"https:\/\/api.w.org\/{rel}","templated":true}]}}