{"id":397,"date":"2023-10-23T08:57:43","date_gmt":"2023-10-23T11:57:43","guid":{"rendered":"https:\/\/emiliotakamori.com.br\/?page_id=397"},"modified":"2023-10-24T17:19:38","modified_gmt":"2023-10-24T20:19:38","slug":"modalidades","status":"publish","type":"page","link":"https:\/\/emiliotakamori.com.br\/ja\/modalidades\/","title":{"rendered":"\u30e2\u30c0\u30ea\u30c6\u30a3"},"content":{"rendered":"<div data-elementor-type=\"wp-page\" data-elementor-id=\"397\" class=\"elementor elementor-397\" data-elementor-post-type=\"page\">\n\t\t\t\t\t\t<section class=\"elementor-section elementor-top-section elementor-element elementor-element-4c82b6b elementor-section-content-middle elementor-section-boxed elementor-section-height-default elementor-section-height-default\" data-id=\"4c82b6b\" data-element_type=\"section\">\n\t\t\t\t\t\t<div class=\"elementor-container elementor-column-gap-wider\">\n\t\t\t\t\t<div class=\"elementor-column elementor-col-50 elementor-top-column elementor-element elementor-element-2f8fa17\" data-id=\"2f8fa17\" data-element_type=\"column\">\n\t\t\t<div class=\"elementor-widget-wrap elementor-element-populated\">\n\t\t\t\t\t\t<div class=\"elementor-element elementor-element-71a2202 elementor-widget elementor-widget-heading\" data-id=\"71a2202\" data-element_type=\"widget\" data-widget_type=\"heading.default\">\n\t\t\t\t<div class=\"elementor-widget-container\">\n\t\t\t\t\t<h2 class=\"elementor-heading-title elementor-size-default\">\u3042\u306a\u305f\u304c\u9078\u3093\u3067\u304f\u3060\u3055\u3044\u3001\n<br>\n<b>\u304a\u5927\u4e8b\u306b<\/b><\/h2>\t\t\t\t<\/div>\n\t\t\t\t<\/div>\n\t\t\t\t<div class=\"elementor-element elementor-element-5914ee0 elementor-widget elementor-widget-text-editor\" data-id=\"5914ee0\" data-element_type=\"widget\" data-widget_type=\"text-editor.default\">\n\t\t\t\t<div class=\"elementor-widget-container\">\n\t\t\t\t\t\t\t\t\t<p>\u5728\u5b85\u9ad8\u9f62\u8005\u306e\u30b5\u30dd\u30fc\u30c8\u4e0d\u8db3\u3001\u5bb6\u65cf\u306e\u4e00\u6642\u7684\u306a\u4e0d\u5728\u3001\u591a\u8077\u7a2e\u306e\u5c02\u9580\u30c1\u30fc\u30e0\u306b\u3088\u308b\u30b5\u30dd\u30fc\u30c8\u306e\u5fc5\u8981\u6027\u306a\u3069\u3001\u3055\u307e\u3056\u307e\u306a\u72b6\u6cc1\u3067\u79c1\u305f\u3061\u306e\u30b5\u30dd\u30fc\u30c8\u304c\u5fc5\u8981\u306b\u306a\u308b\u3053\u3068\u304c\u3042\u308a\u307e\u3059\u3002\u79c1\u305f\u3061\u306f\u300160\u6b73\u4ee5\u4e0a\u306e\u9ad8\u9f62\u8005\u306e\u65b9\u3005\u306e\u3054\u8981\u671b\u306b\u304a\u5fdc\u3048\u3057\u307e\u3059\u3002\u00a0<\/p>\t\t\t\t\t\t\t\t<\/div>\n\t\t\t\t<\/div>\n\t\t\t\t\t<\/div>\n\t\t<\/div>\n\t\t\t\t<div class=\"elementor-column elementor-col-50 elementor-top-column elementor-element elementor-element-54a0565\" data-id=\"54a0565\" data-element_type=\"column\">\n\t\t\t<div class=\"elementor-widget-wrap elementor-element-populated\">\n\t\t\t\t\t\t<section class=\"elementor-section elementor-inner-section elementor-element elementor-element-cc26928 elementor-section-boxed elementor-section-height-default elementor-section-height-default\" data-id=\"cc26928\" data-element_type=\"section\">\n\t\t\t\t\t\t<div class=\"elementor-container elementor-column-gap-default\">\n\t\t\t\t\t<div class=\"elementor-column elementor-col-50 elementor-inner-column elementor-element elementor-element-4b24c09\" data-id=\"4b24c09\" data-element_type=\"column\">\n\t\t\t<div class=\"elementor-widget-wrap elementor-element-populated\">\n\t\t\t\t\t\t<div class=\"elementor-element elementor-element-c0d3cf4 elementor-position-top elementor-widget elementor-widget-image-box\" data-id=\"c0d3cf4\" data-element_type=\"widget\" data-widget_type=\"image-box.default\">\n\t\t\t\t<div class=\"elementor-widget-container\">\n\t\t\t\t\t<div class=\"elementor-image-box-wrapper\"><figure class=\"elementor-image-box-img\"><img decoding=\"async\" width=\"31\" height=\"50\" src=\"https:\/\/emiliotakamori.com.br\/wp-content\/uploads\/2023\/10\/icon21.png\" class=\"attachment-full size-full wp-image-403\" alt=\"\" \/><\/figure><div class=\"elementor-image-box-content\"><h3 class=\"elementor-image-box-title\">\u30e2\u30c0\u30ea\u30c6\u30a3<br><b>\u30c7\u30a4\u30e6\u30fc\u30b9<\/b><\/h3><p class=\"elementor-image-box-description\">\u9ad8\u9f62\u8005\u306f\u305d\u306e\u65e5\u4e00\u65e5\u3092\u4f4f\u5b85\u3067\u904e\u3054\u3057\u3001\u30ec\u30b8\u30e3\u30fc\u3084\u30ec\u30af\u30ea\u30a8\u30fc\u30b7\u30e7\u30f3\u3001\u793e\u4ea4\u6d3b\u52d5\u3092\u884c\u3044\u3001\u4e00\u65e5\u306e\u7d42\u308f\u308a\u306b\u306f\u81ea\u5b85\u306b\u623b\u308b\u3053\u3068\u304c\u3067\u304d\u308b\u3002<\/p><\/div><\/div>\t\t\t\t<\/div>\n\t\t\t\t<\/div>\n\t\t\t\t\t<\/div>\n\t\t<\/div>\n\t\t\t\t<div class=\"elementor-column elementor-col-50 elementor-inner-column elementor-element elementor-element-76f83f0\" data-id=\"76f83f0\" data-element_type=\"column\">\n\t\t\t<div class=\"elementor-widget-wrap elementor-element-populated\">\n\t\t\t\t\t\t<div class=\"elementor-element elementor-element-dffe6d9 elementor-position-top elementor-widget elementor-widget-image-box\" data-id=\"dffe6d9\" data-element_type=\"widget\" data-widget_type=\"image-box.default\">\n\t\t\t\t<div class=\"elementor-widget-container\">\n\t\t\t\t\t<div class=\"elementor-image-box-wrapper\"><figure class=\"elementor-image-box-img\"><img decoding=\"async\" width=\"51\" height=\"52\" src=\"https:\/\/emiliotakamori.com.br\/wp-content\/uploads\/2023\/10\/icon22.png\" class=\"attachment-full size-full wp-image-404\" alt=\"\" \/><\/figure><div class=\"elementor-image-box-content\"><h3 class=\"elementor-image-box-title\">\u30e2\u30c0\u30ea\u30c6\u30a3<br><b>\u30b7\u30fc\u30ba\u30f3<\/b><\/h3><p class=\"elementor-image-box-description\">\u9ad8\u9f62\u8005\u306f\u9031\u672b\u3084\u6c7a\u3081\u3089\u308c\u305f\u671f\u9593\u3001\u5c45\u4f4f\u30bb\u30f3\u30bf\u30fc\u306b\u6ede\u5728\u3059\u308b\u3002<\/p><\/div><\/div>\t\t\t\t<\/div>\n\t\t\t\t<\/div>\n\t\t\t\t\t<\/div>\n\t\t<\/div>\n\t\t\t\t\t<\/div>\n\t\t<\/section>\n\t\t\t\t<section class=\"elementor-section elementor-inner-section elementor-element elementor-element-3fd2c6f elementor-section-boxed elementor-section-height-default elementor-section-height-default\" data-id=\"3fd2c6f\" data-element_type=\"section\">\n\t\t\t\t\t\t<div class=\"elementor-container elementor-column-gap-default\">\n\t\t\t\t\t<div class=\"elementor-column elementor-col-50 elementor-inner-column elementor-element elementor-element-c7a4ec2\" data-id=\"c7a4ec2\" data-element_type=\"column\">\n\t\t\t<div class=\"elementor-widget-wrap elementor-element-populated\">\n\t\t\t\t\t\t<div class=\"elementor-element elementor-element-addd12a elementor-position-top elementor-widget elementor-widget-image-box\" data-id=\"addd12a\" data-element_type=\"widget\" data-widget_type=\"image-box.default\">\n\t\t\t\t<div class=\"elementor-widget-container\">\n\t\t\t\t\t<div class=\"elementor-image-box-wrapper\"><figure class=\"elementor-image-box-img\"><img decoding=\"async\" src=\"https:\/\/emiliotakamori.com.br\/wp-content\/uploads\/2023\/10\/icon23.png\" title=\"\" alt=\"\" loading=\"lazy\" \/><\/figure><div class=\"elementor-image-box-content\"><h3 class=\"elementor-image-box-title\">\u30e2\u30c0\u30ea\u30c6\u30a3<br><font color=\"#c29c56\">\u30b3\u30f3\u30d7\u30ea\u30fc\u30c8\u30fb\u30f4\u30a3\u30e9<\/font><\/h3><p class=\"elementor-image-box-description\">\u30a8\u30df\u30ea\u30aa\u9ad8\u68ee\u30db\u30c6\u30eb\u306f\u300124\u6642\u9593\u30aa\u30fc\u30d7\u30f3\u3057\u3066\u3044\u308b\u305f\u3081\u3001\u3044\u3064\u3067\u3082\u5bb6\u65cf\u304c\u8a2a\u554f\u3067\u304d\u308b\u9ad8\u9f62\u8005\u306e\u65b0\u3057\u3044\u4f4f\u307e\u3044\u3068\u306a\u308b\u3002<\/p><\/div><\/div>\t\t\t\t<\/div>\n\t\t\t\t<\/div>\n\t\t\t\t\t<\/div>\n\t\t<\/div>\n\t\t\t\t<div class=\"elementor-column elementor-col-50 elementor-inner-column elementor-element elementor-element-8ddeebc\" data-id=\"8ddeebc\" data-element_type=\"column\">\n\t\t\t<div class=\"elementor-widget-wrap elementor-element-populated\">\n\t\t\t\t\t\t<div class=\"elementor-element elementor-element-fa4081b elementor-position-top elementor-widget elementor-widget-image-box\" data-id=\"fa4081b\" data-element_type=\"widget\" data-widget_type=\"image-box.default\">\n\t\t\t\t<div class=\"elementor-widget-container\">\n\t\t\t\t\t<div class=\"elementor-image-box-wrapper\"><figure class=\"elementor-image-box-img\"><img decoding=\"async\" src=\"https:\/\/emiliotakamori.com.br\/wp-content\/uploads\/2023\/10\/hospital.png\" title=\"\" alt=\"\" loading=\"lazy\" \/><\/figure><div class=\"elementor-image-box-content\"><h3 class=\"elementor-image-box-title\">\u30e2\u30c0\u30ea\u30c6\u30a3<br><b>\u8131\u5165\u9662<\/b><\/h3><p class=\"elementor-image-box-description\">\u75c5\u9662\u3092\u9000\u9662\u3057\u305f\u3082\u306e\u306e\u3001\u307e\u3060\u81ea\u5b85\u3067\u306f\u63d0\u4f9b\u3067\u304d\u306a\u3044\u4ecb\u52a9\u3084\u7279\u5225\u306a\u30b1\u30a2\u304c\u5fc5\u8981\u306a\u9ad8\u9f62\u8005\u5411\u3051\u3002<\/p><\/div><\/div>\t\t\t\t<\/div>\n\t\t\t\t<\/div>\n\t\t\t\t\t<\/div>\n\t\t<\/div>\n\t\t\t\t\t<\/div>\n\t\t<\/section>\n\t\t\t\t<section class=\"elementor-section elementor-inner-section elementor-element elementor-element-7839812 elementor-section-boxed elementor-section-height-default elementor-section-height-default\" data-id=\"7839812\" data-element_type=\"section\">\n\t\t\t\t\t\t<div class=\"elementor-container elementor-column-gap-default\">\n\t\t\t\t\t<div class=\"elementor-column elementor-col-50 elementor-inner-column elementor-element elementor-element-24e003a\" data-id=\"24e003a\" data-element_type=\"column\">\n\t\t\t<div class=\"elementor-widget-wrap elementor-element-populated\">\n\t\t\t\t\t\t<div class=\"elementor-element elementor-element-fdc3e54 elementor-position-top elementor-widget elementor-widget-image-box\" data-id=\"fdc3e54\" data-element_type=\"widget\" data-widget_type=\"image-box.default\">\n\t\t\t\t<div class=\"elementor-widget-container\">\n\t\t\t\t\t<div class=\"elementor-image-box-wrapper\"><figure class=\"elementor-image-box-img\"><img decoding=\"async\" src=\"https:\/\/emiliotakamori.com.br\/wp-content\/uploads\/2023\/10\/physiotherapist.png\" title=\"\" alt=\"\" loading=\"lazy\" \/><\/figure><div class=\"elementor-image-box-content\"><h3 class=\"elementor-image-box-title\">\u30e2\u30c0\u30ea\u30c6\u30a3<br><b>\u30ea\u30cf\u30d3\u30ea\u30c6\u30fc\u30b7\u30e7\u30f3<\/b><\/h3><p class=\"elementor-image-box-description\">\u6025\u6027\u671f\u3092\u7d4c\u904e\u3057\u305f\u9ad8\u9f62\u8005\u306e\u8eab\u4f53\u7684\u3001\u5fc3\u7406\u7684\u3001\u793e\u4f1a\u7684\u53ef\u80fd\u6027\u3092\u56de\u5fa9\u3055\u305b\u308b\u3053\u3068\u3092\u76ee\u7684\u3068\u3057\u3001\u4e00\u5b9a\u671f\u9593\u3001\u591a\u8077\u7a2e\u30c1\u30fc\u30e0\u5168\u4f53\u3067\u7279\u5225\u306a\u30b1\u30a2\u3092\u63a8\u9032\u3059\u308b\u3053\u3068\u3002<\/p><\/div><\/div>\t\t\t\t<\/div>\n\t\t\t\t<\/div>\n\t\t\t\t\t<\/div>\n\t\t<\/div>\n\t\t\t\t<div class=\"elementor-column elementor-col-50 elementor-inner-column elementor-element elementor-element-cb7c462\" data-id=\"cb7c462\" data-element_type=\"column\">\n\t\t\t<div class=\"elementor-widget-wrap elementor-element-populated\">\n\t\t\t\t\t\t<div class=\"elementor-element elementor-element-c65677e elementor-position-top elementor-widget elementor-widget-image-box\" data-id=\"c65677e\" data-element_type=\"widget\" data-widget_type=\"image-box.default\">\n\t\t\t\t<div class=\"elementor-widget-container\">\n\t\t\t\t\t<div class=\"elementor-image-box-wrapper\"><figure class=\"elementor-image-box-img\"><img decoding=\"async\" src=\"https:\/\/emiliotakamori.com.br\/wp-content\/uploads\/2023\/10\/icon24.png\" title=\"\" alt=\"\" loading=\"lazy\" \/><\/figure><div class=\"elementor-image-box-content\"><h3 class=\"elementor-image-box-title\">\u5165\u308b<br><b>\u30b3\u30f3\u30bf\u30af\u30c8<\/b><\/h3><p class=\"elementor-image-box-description\">\u96fb\u8a71\uff1a(67) 99909-6565\u3001\u307e\u305f\u306f\u4e88\u7d04\u30d5\u30a9\u30fc\u30e0\u306b\u5fc5\u8981\u4e8b\u9805\u3092\u3054\u8a18\u5165\u306e\u4e0a\u3001\u304a\u96fb\u8a71\u304f\u3060\u3055\u3044\u3002<\/p><\/div><\/div>\t\t\t\t<\/div>\n\t\t\t\t<\/div>\n\t\t\t\t\t<\/div>\n\t\t<\/div>\n\t\t\t\t\t<\/div>\n\t\t<\/section>\n\t\t\t\t\t<\/div>\n\t\t<\/div>\n\t\t\t\t\t<\/div>\n\t\t<\/section>\n\t\t\t\t<section class=\"elementor-section elementor-top-section elementor-element elementor-element-73e39bb elementor-section-height-min-height elementor-section-boxed elementor-section-height-default elementor-section-items-middle\" data-id=\"73e39bb\" data-element_type=\"section\" data-settings=\"{&quot;background_background&quot;:&quot;classic&quot;}\">\n\t\t\t\t\t\t<div class=\"elementor-container elementor-column-gap-default\">\n\t\t\t\t\t<div class=\"elementor-column elementor-col-50 elementor-top-column elementor-element elementor-element-feddc24 elementor-hidden-tablet elementor-hidden-mobile\" data-id=\"feddc24\" data-element_type=\"column\">\n\t\t\t<div class=\"elementor-widget-wrap\">\n\t\t\t\t\t\t\t<\/div>\n\t\t<\/div>\n\t\t\t\t<div class=\"elementor-column elementor-col-50 elementor-top-column elementor-element elementor-element-2c3f731\" data-id=\"2c3f731\" data-element_type=\"column\">\n\t\t\t<div class=\"elementor-widget-wrap elementor-element-populated\">\n\t\t\t\t\t\t<div class=\"elementor-element elementor-element-5c3621a elementor-position-top elementor-widget elementor-widget-image-box\" data-id=\"5c3621a\" data-element_type=\"widget\" data-widget_type=\"image-box.default\">\n\t\t\t\t<div class=\"elementor-widget-container\">\n\t\t\t\t\t<div class=\"elementor-image-box-wrapper\"><figure class=\"elementor-image-box-img\"><img decoding=\"async\" src=\"https:\/\/emiliotakamori.com.br\/wp-content\/uploads\/2023\/10\/icon26.png\" title=\"\" alt=\"\" loading=\"lazy\" \/><\/figure><div class=\"elementor-image-box-content\"><h3 class=\"elementor-image-box-title\">\u3053\u3053\u306b\u3042\u306a\u305f\u306e\u5bb6\u65cf\u304c\u3044\u308b<br><b>\u3069\u3046\u3044\u305f\u3057\u307e\u3057\u3066\uff01<\/b><\/h3><p class=\"elementor-image-box-description\">\u79c1\u305f\u3061\u306f\u3001\u30cf\u30b0\u3092\u3059\u308b\u6642\u9593\u304c\u306a\u3044\u3053\u3068\u3092\u77e5\u3063\u3066\u3044\u307e\u3059\u3002\u305d\u306e\u305f\u3081\u300124\u6642\u9593\u3044\u3064\u3067\u3082\u3054\u5bb6\u65cf\u306e\u9762\u4f1a\u304c\u53ef\u80fd\u3067\u3059\u3002\u5e83\u3005\u3068\u3057\u305f\u30ea\u30d3\u30f3\u30b0\u30b9\u30da\u30fc\u30b9\u3084\u3001\u3054\u5bb6\u65cf\u3067\u30e9\u30f3\u30c1\u3092\u304a\u697d\u3057\u307f\u3044\u305f\u3060\u3051\u308b\u30b0\u30eb\u30e1\u30b9\u30da\u30fc\u30b9\u3082\u3054\u7528\u610f\u3057\u3066\u3044\u307e\u3059\u3002<\/p><\/div><\/div>\t\t\t\t<\/div>\n\t\t\t\t<\/div>\n\t\t\t\t\t<\/div>\n\t\t<\/div>\n\t\t\t\t\t<\/div>\n\t\t<\/section>\n\t\t\t\t<section class=\"elementor-section elementor-top-section elementor-element elementor-element-572a841 elementor-section-content-middle elementor-section-boxed elementor-section-height-default elementor-section-height-default\" data-id=\"572a841\" data-element_type=\"section\" data-settings=\"{&quot;background_background&quot;:&quot;classic&quot;}\">\n\t\t\t\t\t\t\t<div class=\"elementor-background-overlay\"><\/div>\n\t\t\t\t\t\t\t<div class=\"elementor-container elementor-column-gap-wider\">\n\t\t\t\t\t<div class=\"elementor-column elementor-col-50 elementor-top-column elementor-element elementor-element-b5a5e5a elementor-hidden-tablet elementor-hidden-mobile\" data-id=\"b5a5e5a\" data-element_type=\"column\">\n\t\t\t<div class=\"elementor-widget-wrap\">\n\t\t\t\t\t\t\t<\/div>\n\t\t<\/div>\n\t\t\t\t<div class=\"elementor-column elementor-col-50 elementor-top-column elementor-element elementor-element-d3c9be6\" data-id=\"d3c9be6\" data-element_type=\"column\">\n\t\t\t<div class=\"elementor-widget-wrap elementor-element-populated\">\n\t\t\t\t\t\t<div class=\"elementor-element elementor-element-f2c3792 elementor-widget elementor-widget-heading\" data-id=\"f2c3792\" data-element_type=\"widget\" data-widget_type=\"heading.default\">\n\t\t\t\t<div class=\"elementor-widget-container\">\n\t\t\t\t\t<h2 class=\"elementor-heading-title elementor-size-default\">\u53d7\u4fe1\u767b\u9332\n<br>\n<b>\u8a73\u7d30\u306f\u3053\u3061\u3089\u3002<\/b><\/h2>\t\t\t\t<\/div>\n\t\t\t\t<\/div>\n\t\t\t\t<div class=\"elementor-element elementor-element-a3923b0 elementor-widget elementor-widget-text-editor\" data-id=\"a3923b0\" data-element_type=\"widget\" data-widget_type=\"text-editor.default\">\n\t\t\t\t<div class=\"elementor-widget-container\">\n\t\t\t\t\t\t\t\t\t<p>\u30db\u30c6\u30eb\u30fb\u30a8\u30df\u30ea\u30aa\u30fb\u30bf\u30ab\u30e2\u30ea\u306b\u95a2\u3059\u308b\u8a73\u7d30\u3084\u30cb\u30e5\u30fc\u30b9\u3001\u3054\u4e88\u7d04\u306f\u3053\u3061\u3089\u304b\u3089\u3002<\/p>\t\t\t\t\t\t\t\t<\/div>\n\t\t\t\t<\/div>\n\t\t\t\t<div class=\"elementor-element elementor-element-71f9746 elementor-button-align-end elementor-widget elementor-widget-form\" data-id=\"71f9746\" data-element_type=\"widget\" data-settings=\"{&quot;step_next_label&quot;:&quot;Next&quot;,&quot;step_previous_label&quot;:&quot;Previous&quot;,&quot;button_width&quot;:&quot;100&quot;,&quot;step_type&quot;:&quot;number_text&quot;,&quot;step_icon_shape&quot;:&quot;circle&quot;}\" data-widget_type=\"form.default\">\n\t\t\t\t<div class=\"elementor-widget-container\">\n\t\t\t\t\t\t\t<form class=\"elementor-form\" method=\"post\" name=\"New Form\" aria-label=\"\u65b0\u3057\u3044\u30d5\u30a9\u30fc\u30e0\" action=\"\">\n\t\t\t<input type=\"hidden\" name=\"post_id\" value=\"397\"\/>\n\t\t\t<input type=\"hidden\" name=\"form_id\" value=\"71f9746\"\/>\n\t\t\t<input type=\"hidden\" name=\"referer_title\" value=\"Modalidades\" \/>\n\n\t\t\t\t\t\t\t<input type=\"hidden\" name=\"queried_id\" value=\"397\"\/>\n\t\t\t\n\t\t\t<div class=\"elementor-form-fields-wrapper elementor-labels-\">\n\t\t\t\t\t\t\t\t<div class=\"elementor-field-type-text elementor-field-group elementor-column elementor-field-group-name elementor-col-100 elementor-field-required\">\n\t\t\t\t\t\t\t\t\t\t\t\t<label for=\"form-field-name\" class=\"elementor-field-label elementor-screen-only\">\n\t\t\t\t\t\t\t\t\u540d\u79f0\t\t\t\t\t\t\t<\/label>\n\t\t\t\t\t\t\t\t\t\t\t\t\t\t<input size=\"1\" type=\"text\" name=\"form_fields[name]\" id=\"form-field-name\" class=\"elementor-field elementor-size-md  elementor-field-textual\" placeholder=\"\u540d\u79f0\" required=\"required\">\n\t\t\t\t\t\t\t\t\t\t\t<\/div>\n\t\t\t\t\t\t\t\t<div class=\"elementor-field-type-email elementor-field-group elementor-column elementor-field-group-email elementor-col-100 elementor-field-required\">\n\t\t\t\t\t\t\t\t\t\t\t\t<label for=\"form-field-email\" class=\"elementor-field-label elementor-screen-only\">\n\t\t\t\t\t\t\t\t\u96fb\u5b50\u30e1\u30fc\u30eb\t\t\t\t\t\t\t<\/label>\n\t\t\t\t\t\t\t\t\t\t\t\t\t\t<input size=\"1\" type=\"email\" name=\"form_fields[email]\" id=\"form-field-email\" class=\"elementor-field elementor-size-md  elementor-field-textual\" placeholder=\"\u96fb\u5b50\u30e1\u30fc\u30eb\" required=\"required\">\n\t\t\t\t\t\t\t\t\t\t\t<\/div>\n\t\t\t\t\t\t\t\t<div class=\"elementor-field-type-maskphone_with_ddd elementor-field-group elementor-column elementor-field-group-field_99e9b1f elementor-col-100 elementor-field-required\">\n\t\t\t\t\t\t\t\t\t\t\t\t<label for=\"form-field-field_99e9b1f\" class=\"elementor-field-label elementor-screen-only\">\n\t\t\t\t\t\t\t\t\u96fb\u8a71\t\t\t\t\t\t\t<\/label>\n\t\t\t\t\t\t\t\t\t\t<\/div>\n\t\t\t\t\t\t\t\t<div class=\"elementor-field-type-textarea elementor-field-group elementor-column elementor-field-group-message elementor-col-100 elementor-field-required\">\n\t\t\t\t\t\t\t\t\t\t\t\t<label for=\"form-field-message\" class=\"elementor-field-label elementor-screen-only\">\n\t\t\t\t\t\t\t\t\u30e1\u30c3\u30bb\u30fc\u30b8\t\t\t\t\t\t\t<\/label>\n\t\t\t\t\t\t<textarea class=\"elementor-field-textual elementor-field  elementor-size-md\" name=\"form_fields[message]\" id=\"form-field-message\" rows=\"4\" placeholder=\"\u30e1\u30c3\u30bb\u30fc\u30b8\" required=\"required\"><\/textarea>\t\t\t\t<\/div>\n\t\t\t\t\t\t\t\t<div class=\"elementor-field-group elementor-column elementor-field-type-submit elementor-col-100 e-form__buttons\">\n\t\t\t\t\t<button class=\"elementor-button elementor-size-md\" type=\"submit\">\n\t\t\t\t\t\t<span class=\"elementor-button-content-wrapper\">\n\t\t\t\t\t\t\t\t\t\t\t\t\t\t\t<span class=\"elementor-button-icon\">\n\t\t\t\t\t\t\t\t\t<i aria-hidden=\"true\" class=\"far fa-paper-plane\"><\/i>\t\t\t\t\t\t\t\t\t\t\t\t\t\t\t\t\t<\/span>\n\t\t\t\t\t\t\t\t\t\t\t\t\t\t\t\t\t\t\t\t\t\t<span class=\"elementor-button-text\">\u30e1\u30c3\u30bb\u30fc\u30b8\u3092\u9001\u4fe1<\/span>\n\t\t\t\t\t\t\t\t\t\t\t\t\t<\/span>\n\t\t\t\t\t<\/button>\n\t\t\t\t<\/div>\n\t\t\t<\/div>\n\t\t<input type=\"hidden\" name=\"trp-form-language\" value=\"ja\"\/><\/form>\n\t\t\t\t\t\t<\/div>\n\t\t\t\t<\/div>\n\t\t\t\t\t<\/div>\n\t\t<\/div>\n\t\t\t\t\t<\/div>\n\t\t<\/section>\n\t\t\t\t<\/div>","protected":false},"excerpt":{"rendered":"<p>Voc\u00ea escolhe, nos cuidamos Diversas situa\u00e7\u00f5es podem tornar nossa ajuda necess\u00e1ria, seja por falta de acompanhamento dispon\u00edvel para o idoso em sua resid\u00eancia, aus\u00eancia tempor\u00e1ria da fam\u00edlia ou necessidade de acompanhamento por uma equipe multiprofissional especializada. Estamos prontos para atender \u00e0s demandas que envolvam idosos a partir de 60 anos de idade.\u00a0 ModalidadeDAY USE O idoso pode passar o dia no residencial e realizar as atividades de lazer, recrea\u00e7\u00e3o e socializa\u00e7\u00e3o, retornando para casa no fim do dia. ModalidadeTEMPORADA O idoso fica hospedado no residencial por um fim de semana ou per\u00edodo pr\u00e9 determinado. ModalidadeMoradia Completa O Hotel Emilio Takamori se torna uma nova casa para o idoso, que pode [&hellip;]<\/p>","protected":false},"author":1,"featured_media":858,"parent":0,"menu_order":0,"comment_status":"closed","ping_status":"closed","template":"","meta":{"footnotes":""},"class_list":["post-397","page","type-page","status-publish","has-post-thumbnail","hentry"],"_links":{"self":[{"href":"https:\/\/emiliotakamori.com.br\/ja\/wp-json\/wp\/v2\/pages\/397","targetHints":{"allow":["GET"]}}],"collection":[{"href":"https:\/\/emiliotakamori.com.br\/ja\/wp-json\/wp\/v2\/pages"}],"about":[{"href":"https:\/\/emiliotakamori.com.br\/ja\/wp-json\/wp\/v2\/types\/page"}],"author":[{"embeddable":true,"href":"https:\/\/emiliotakamori.com.br\/ja\/wp-json\/wp\/v2\/users\/1"}],"replies":[{"embeddable":true,"href":"https:\/\/emiliotakamori.com.br\/ja\/wp-json\/wp\/v2\/comments?post=397"}],"version-history":[{"count":0,"href":"https:\/\/emiliotakamori.com.br\/ja\/wp-json\/wp\/v2\/pages\/397\/revisions"}],"wp:featuredmedia":[{"embeddable":true,"href":"https:\/\/emiliotakamori.com.br\/ja\/wp-json\/wp\/v2\/media\/858"}],"wp:attachment":[{"href":"https:\/\/emiliotakamori.com.br\/ja\/wp-json\/wp\/v2\/media?parent=397"}],"curies":[{"name":"wp","href":"https:\/\/api.w.org\/{rel}","templated":true}]}}